



{"id":26254,"date":"2025-10-31T09:56:22","date_gmt":"2025-10-31T08:56:22","guid":{"rendered":"https:\/\/web.institutodelcarton.com\/cancellation-policy\/"},"modified":"2025-10-31T09:56:22","modified_gmt":"2025-10-31T08:56:22","slug":"cancellation-policy","status":"publish","type":"page","link":"https:\/\/inscolearning.com\/en\/cancellation-policy\/","title":{"rendered":"Cancellation policy"},"content":{"rendered":"<div id=\"content\" class=\"site-content\">\n<div class=\"ast-container\">\n<div class=\"elementor elementor-5803\" data-elementor-type=\"wp-page\" data-elementor-id=\"5803\" data-elementor-settings=\"{&quot;element_pack_global_tooltip_width&quot;:{&quot;unit&quot;:&quot;px&quot;,&quot;size&quot;:&quot;&quot;,&quot;sizes&quot;:[]},&quot;element_pack_global_tooltip_width_tablet&quot;:{&quot;unit&quot;:&quot;px&quot;,&quot;size&quot;:&quot;&quot;,&quot;sizes&quot;:[]},&quot;element_pack_global_tooltip_width_mobile&quot;:{&quot;unit&quot;:&quot;px&quot;,&quot;size&quot;:&quot;&quot;,&quot;sizes&quot;:[]},&quot;element_pack_global_tooltip_padding&quot;:{&quot;unit&quot;:&quot;px&quot;,&quot;top&quot;:&quot;&quot;,&quot;right&quot;:&quot;&quot;,&quot;bottom&quot;:&quot;&quot;,&quot;left&quot;:&quot;&quot;,&quot;isLinked&quot;:true},&quot;element_pack_global_tooltip_padding_tablet&quot;:{&quot;unit&quot;:&quot;px&quot;,&quot;top&quot;:&quot;&quot;,&quot;right&quot;:&quot;&quot;,&quot;bottom&quot;:&quot;&quot;,&quot;left&quot;:&quot;&quot;,&quot;isLinked&quot;:true},&quot;element_pack_global_tooltip_padding_mobile&quot;:{&quot;unit&quot;:&quot;px&quot;,&quot;top&quot;:&quot;&quot;,&quot;right&quot;:&quot;&quot;,&quot;bottom&quot;:&quot;&quot;,&quot;left&quot;:&quot;&quot;,&quot;isLinked&quot;:true},&quot;element_pack_global_tooltip_border_radius&quot;:{&quot;unit&quot;:&quot;px&quot;,&quot;top&quot;:&quot;&quot;,&quot;right&quot;:&quot;&quot;,&quot;bottom&quot;:&quot;&quot;,&quot;left&quot;:&quot;&quot;,&quot;isLinked&quot;:true},&quot;element_pack_global_tooltip_border_radius_tablet&quot;:{&quot;unit&quot;:&quot;px&quot;,&quot;top&quot;:&quot;&quot;,&quot;right&quot;:&quot;&quot;,&quot;bottom&quot;:&quot;&quot;,&quot;left&quot;:&quot;&quot;,&quot;isLinked&quot;:true},&quot;element_pack_global_tooltip_border_radius_mobile&quot;:{&quot;unit&quot;:&quot;px&quot;,&quot;top&quot;:&quot;&quot;,&quot;right&quot;:&quot;&quot;,&quot;bottom&quot;:&quot;&quot;,&quot;left&quot;:&quot;&quot;,&quot;isLinked&quot;:true}}\" data-elementor-post-type=\"page\">\n<section class=\"elementor-section elementor-top-section elementor-element elementor-element-2cc30f12 elementor-section-boxed elementor-section-height-default elementor-section-height-default jet-parallax-section\" data-id=\"2cc30f12\" data-element_type=\"section\" data-settings=\"{&quot;background_background&quot;:&quot;classic&quot;,&quot;jet_parallax_layout_list&quot;:[{&quot;jet_parallax_layout_image&quot;:{&quot;url&quot;:&quot;&quot;,&quot;id&quot;:&quot;&quot;,&quot;size&quot;:&quot;&quot;},&quot;_id&quot;:&quot;bd43a8b&quot;,&quot;jet_parallax_layout_image_tablet&quot;:{&quot;url&quot;:&quot;&quot;,&quot;id&quot;:&quot;&quot;,&quot;size&quot;:&quot;&quot;},&quot;jet_parallax_layout_image_mobile&quot;:{&quot;url&quot;:&quot;&quot;,&quot;id&quot;:&quot;&quot;,&quot;size&quot;:&quot;&quot;},&quot;jet_parallax_layout_speed&quot;:{&quot;unit&quot;:&quot;%&quot;,&quot;size&quot;:50,&quot;sizes&quot;:[]},&quot;jet_parallax_layout_type&quot;:&quot;scroll&quot;,&quot;jet_parallax_layout_direction&quot;:&quot;1&quot;,&quot;jet_parallax_layout_fx_direction&quot;:null,&quot;jet_parallax_layout_z_index&quot;:&quot;&quot;,&quot;jet_parallax_layout_bg_x&quot;:50,&quot;jet_parallax_layout_bg_x_tablet&quot;:&quot;&quot;,&quot;jet_parallax_layout_bg_x_mobile&quot;:&quot;&quot;,&quot;jet_parallax_layout_bg_y&quot;:50,&quot;jet_parallax_layout_bg_y_tablet&quot;:&quot;&quot;,&quot;jet_parallax_layout_bg_y_mobile&quot;:&quot;&quot;,&quot;jet_parallax_layout_bg_size&quot;:&quot;auto&quot;,&quot;jet_parallax_layout_bg_size_tablet&quot;:&quot;&quot;,&quot;jet_parallax_layout_bg_size_mobile&quot;:&quot;&quot;,&quot;jet_parallax_layout_animation_prop&quot;:&quot;transform&quot;,&quot;jet_parallax_layout_on&quot;:[&quot;desktop&quot;,&quot;tablet&quot;]}]}\">\n<div class=\"elementor-container elementor-column-gap-default\">\n<div class=\"elementor-column elementor-col-100 elementor-top-column elementor-element elementor-element-12e55e9\" data-id=\"12e55e9\" data-element_type=\"column\">\n<div class=\"elementor-widget-wrap elementor-element-populated\">\n<div class=\"elementor-element elementor-element-f209607 elementor-widget elementor-widget-text-editor animated fadeInUp\" data-id=\"f209607\" data-element_type=\"widget\" data-settings=\"{&quot;_animation&quot;:&quot;fadeInUp&quot;}\" data-widget_type=\"text-editor.default\">\n<div class=\"elementor-widget-container\">\n<p>Una vez que el participante\/empresa haya realizado la inscripci\u00f3n en el curso (est\u00e9 o no abonado el importe del mismo), la pol\u00edtica de cancelaci\u00f3n que se aplica es la siguiente:<\/p>\n<ul>\n<li>Se devolver\u00e1 el 100% del importe de la matr\u00edcula si el participante\/empresa comunica su baja del curso antes de los 21 d\u00edas naturales previos al inicio del curso.<\/li>\n<li>Se devolver\u00e1 el 50% del importe de la matr\u00edcula si el participante\/empresa comunica su baja en el curso 15 d\u00edas naturales previos al inicio del curso.<\/li>\n<li>En el caso de cursos de menos de 50 horas el participante\/empresa no tendr\u00e1 derecho a ning\u00fan tipo de devoluci\u00f3n, salvo cancelaci\u00f3n de los mismos.<\/li>\n<li>Los cursos se celebrar\u00e1n siempre y cuando se alcance el n\u00famero m\u00ednimo de participantes exigidos para el desarrollo de los mismos (10 participantes), si no se llegara a este n\u00famero de participantes, INSCO devolver\u00e1 el 100% de la matr\u00edcula del curso, con 7 d\u00edas naturales de antelaci\u00f3n.<\/li>\n<li>No se admitir\u00e1, por motivo alguno, la devoluci\u00f3n del coste de la matr\u00edcula una vez haya comenzado el curso.<\/li>\n<\/ul>\n<\/div>\n<\/div>\n<\/div>\n<\/div>\n<\/div>\n<\/section>\n<\/div>\n<\/div>\n<\/div>\n<footer class=\"elementor elementor-98 elementor-location-footer\" data-elementor-type=\"footer\" data-elementor-id=\"98\" data-elementor-settings=\"{&quot;element_pack_global_tooltip_width&quot;:{&quot;unit&quot;:&quot;px&quot;,&quot;size&quot;:&quot;&quot;,&quot;sizes&quot;:[]},&quot;element_pack_global_tooltip_width_tablet&quot;:{&quot;unit&quot;:&quot;px&quot;,&quot;size&quot;:&quot;&quot;,&quot;sizes&quot;:[]},&quot;element_pack_global_tooltip_width_mobile&quot;:{&quot;unit&quot;:&quot;px&quot;,&quot;size&quot;:&quot;&quot;,&quot;sizes&quot;:[]},&quot;element_pack_global_tooltip_padding&quot;:{&quot;unit&quot;:&quot;px&quot;,&quot;top&quot;:&quot;&quot;,&quot;right&quot;:&quot;&quot;,&quot;bottom&quot;:&quot;&quot;,&quot;left&quot;:&quot;&quot;,&quot;isLinked&quot;:true},&quot;element_pack_global_tooltip_padding_tablet&quot;:{&quot;unit&quot;:&quot;px&quot;,&quot;top&quot;:&quot;&quot;,&quot;right&quot;:&quot;&quot;,&quot;bottom&quot;:&quot;&quot;,&quot;left&quot;:&quot;&quot;,&quot;isLinked&quot;:true},&quot;element_pack_global_tooltip_padding_mobile&quot;:{&quot;unit&quot;:&quot;px&quot;,&quot;top&quot;:&quot;&quot;,&quot;right&quot;:&quot;&quot;,&quot;bottom&quot;:&quot;&quot;,&quot;left&quot;:&quot;&quot;,&quot;isLinked&quot;:true},&quot;element_pack_global_tooltip_border_radius&quot;:{&quot;unit&quot;:&quot;px&quot;,&quot;top&quot;:&quot;&quot;,&quot;right&quot;:&quot;&quot;,&quot;bottom&quot;:&quot;&quot;,&quot;left&quot;:&quot;&quot;,&quot;isLinked&quot;:true},&quot;element_pack_global_tooltip_border_radius_tablet&quot;:{&quot;unit&quot;:&quot;px&quot;,&quot;top&quot;:&quot;&quot;,&quot;right&quot;:&quot;&quot;,&quot;bottom&quot;:&quot;&quot;,&quot;left&quot;:&quot;&quot;,&quot;isLinked&quot;:true},&quot;element_pack_global_tooltip_border_radius_mobile&quot;:{&quot;unit&quot;:&quot;px&quot;,&quot;top&quot;:&quot;&quot;,&quot;right&quot;:&quot;&quot;,&quot;bottom&quot;:&quot;&quot;,&quot;left&quot;:&quot;&quot;,&quot;isLinked&quot;:true}}\" data-elementor-post-type=\"elementor_library\">\n<section class=\"elementor-section elementor-top-section elementor-element elementor-element-0c2cc55 elementor-section-content-middle elementor-section-boxed elementor-section-height-default elementor-section-height-default jet-parallax-section\" data-id=\"0c2cc55\" data-element_type=\"section\" data-settings=\"{&quot;background_background&quot;:&quot;classic&quot;,&quot;jet_parallax_layout_list&quot;:[{&quot;jet_parallax_layout_image&quot;:{&quot;url&quot;:&quot;&quot;,&quot;id&quot;:&quot;&quot;,&quot;size&quot;:&quot;&quot;},&quot;_id&quot;:&quot;a6c13b3&quot;,&quot;jet_parallax_layout_image_tablet&quot;:{&quot;url&quot;:&quot;&quot;,&quot;id&quot;:&quot;&quot;,&quot;size&quot;:&quot;&quot;},&quot;jet_parallax_layout_image_mobile&quot;:{&quot;url&quot;:&quot;&quot;,&quot;id&quot;:&quot;&quot;,&quot;size&quot;:&quot;&quot;},&quot;jet_parallax_layout_speed&quot;:{&quot;unit&quot;:&quot;%&quot;,&quot;size&quot;:50,&quot;sizes&quot;:[]},&quot;jet_parallax_layout_type&quot;:&quot;scroll&quot;,&quot;jet_parallax_layout_direction&quot;:&quot;1&quot;,&quot;jet_parallax_layout_fx_direction&quot;:null,&quot;jet_parallax_layout_z_index&quot;:&quot;&quot;,&quot;jet_parallax_layout_bg_x&quot;:50,&quot;jet_parallax_layout_bg_x_tablet&quot;:&quot;&quot;,&quot;jet_parallax_layout_bg_x_mobile&quot;:&quot;&quot;,&quot;jet_parallax_layout_bg_y&quot;:50,&quot;jet_parallax_layout_bg_y_tablet&quot;:&quot;&quot;,&quot;jet_parallax_layout_bg_y_mobile&quot;:&quot;&quot;,&quot;jet_parallax_layout_bg_size&quot;:&quot;auto&quot;,&quot;jet_parallax_layout_bg_size_tablet&quot;:&quot;&quot;,&quot;jet_parallax_layout_bg_size_mobile&quot;:&quot;&quot;,&quot;jet_parallax_layout_animation_prop&quot;:&quot;transform&quot;,&quot;jet_parallax_layout_on&quot;:[&quot;desktop&quot;,&quot;tablet&quot;]}]}\">\n<div class=\"jet-parallax-section__layout elementor-repeater-item-a6c13b3 jet-parallax-section__scroll-layout is-mac\"><\/div>\n<\/section>\n<\/footer>\n<div class=\"elementor-column elementor-col-33 elementor-top-column elementor-element elementor-element-6560da90\" data-id=\"6560da90\" data-element_type=\"column\">\n<div class=\"elementor-widget-wrap elementor-element-populated\">\n<div class=\"elementor-element elementor-element-4fb1694e elementor-widget elementor-widget-heading\" data-id=\"4fb1694e\" data-element_type=\"widget\" data-settings=\"{&quot;_animation&quot;:&quot;none&quot;}\" data-widget_type=\"heading.default\"><\/div>\n<\/div>\n<\/div>\n","protected":false},"excerpt":{"rendered":"<p>Una vez que el participante\/empresa haya realizado la inscripci\u00f3n en el curso (est\u00e9 o no abonado el importe del mismo), la pol\u00edtica de cancelaci\u00f3n que se aplica es la siguiente: Se devolver\u00e1 el 100% del importe de la matr\u00edcula si el participante\/empresa comunica su baja del curso antes de los 21 d\u00edas naturales previos al inicio del curso. Se devolver\u00e1 el 50% del importe de la matr\u00edcula si el participante\/empresa comunica su baja en el curso 15 d\u00edas naturales previos&#8230;<\/p>\n","protected":false},"author":1,"featured_media":0,"parent":0,"menu_order":0,"comment_status":"closed","ping_status":"closed","template":"","meta":{"_acf_changed":false,"inline_featured_image":false,"productId":0,"courseId":0,"footnotes":""},"class_list":["post-26254","page","type-page","status-publish"],"acf":[],"yoast_head":"<!-- This site is optimized with the Yoast SEO plugin v27.1.1 - https:\/\/yoast.com\/product\/yoast-seo-wordpress\/ -->\n<title>Cancellation policy - INSCO<\/title>\n<meta name=\"robots\" content=\"index, follow, max-snippet:-1, max-image-preview:large, max-video-preview:-1\" \/>\n<link rel=\"canonical\" href=\"https:\/\/inscolearning.com\/en\/cancellation-policy\/\" \/>\n<meta property=\"og:locale\" content=\"en_US\" \/>\n<meta property=\"og:type\" content=\"article\" \/>\n<meta property=\"og:title\" content=\"Cancellation policy - INSCO\" \/>\n<meta property=\"og:description\" content=\"Una vez que el participante\/empresa haya realizado la inscripci\u00f3n en el curso (est\u00e9 o no abonado el importe del mismo), la pol\u00edtica de cancelaci\u00f3n que se aplica es la siguiente: Se devolver\u00e1 el 100% del importe de la matr\u00edcula si el participante\/empresa comunica su baja del curso antes de los 21 d\u00edas naturales previos al inicio del curso. Se devolver\u00e1 el 50% del importe de la matr\u00edcula si el participante\/empresa comunica su baja en el curso 15 d\u00edas naturales previos...\" \/>\n<meta property=\"og:url\" content=\"https:\/\/inscolearning.com\/en\/cancellation-policy\/\" \/>\n<meta property=\"og:site_name\" content=\"INSCO\" \/>\n<meta name=\"twitter:card\" content=\"summary_large_image\" \/>\n<script type=\"application\/ld+json\" class=\"yoast-schema-graph\">{\"@context\":\"https:\/\/schema.org\",\"@graph\":[{\"@type\":\"WebPage\",\"@id\":\"https:\/\/inscolearning.com\/en\/cancellation-policy\/\",\"url\":\"https:\/\/inscolearning.com\/en\/cancellation-policy\/\",\"name\":\"Cancellation policy - INSCO\",\"isPartOf\":{\"@id\":\"https:\/\/inscolearning.com\/en\/#website\"},\"datePublished\":\"2025-10-31T08:56:22+00:00\",\"breadcrumb\":{\"@id\":\"https:\/\/inscolearning.com\/en\/cancellation-policy\/#breadcrumb\"},\"inLanguage\":\"en-US\",\"potentialAction\":[{\"@type\":\"ReadAction\",\"target\":[\"https:\/\/inscolearning.com\/en\/cancellation-policy\/\"]}]},{\"@type\":\"BreadcrumbList\",\"@id\":\"https:\/\/inscolearning.com\/en\/cancellation-policy\/#breadcrumb\",\"itemListElement\":[{\"@type\":\"ListItem\",\"position\":1,\"name\":\"Portada\",\"item\":\"https:\/\/inscolearning.com\/en\/\"},{\"@type\":\"ListItem\",\"position\":2,\"name\":\"Cancellation policy\"}]},{\"@type\":\"WebSite\",\"@id\":\"https:\/\/inscolearning.com\/en\/#website\",\"url\":\"https:\/\/inscolearning.com\/en\/\",\"name\":\"INSCO\",\"description\":\"\",\"publisher\":{\"@id\":\"https:\/\/inscolearning.com\/en\/#organization\"},\"potentialAction\":[{\"@type\":\"SearchAction\",\"target\":{\"@type\":\"EntryPoint\",\"urlTemplate\":\"https:\/\/inscolearning.com\/en\/?s={search_term_string}\"},\"query-input\":{\"@type\":\"PropertyValueSpecification\",\"valueRequired\":true,\"valueName\":\"search_term_string\"}}],\"inLanguage\":\"en-US\"},{\"@type\":\"Organization\",\"@id\":\"https:\/\/inscolearning.com\/en\/#organization\",\"name\":\"INSCO\",\"url\":\"https:\/\/inscolearning.com\/en\/\",\"logo\":{\"@type\":\"ImageObject\",\"inLanguage\":\"en-US\",\"@id\":\"https:\/\/inscolearning.com\/en\/#\/schema\/logo\/image\/\",\"url\":\"https:\/\/inscolearning.com\/wp-content\/uploads\/2025\/10\/Logo-INSCO.svg\",\"contentUrl\":\"https:\/\/inscolearning.com\/wp-content\/uploads\/2025\/10\/Logo-INSCO.svg\",\"width\":728,\"height\":292,\"caption\":\"INSCO\"},\"image\":{\"@id\":\"https:\/\/inscolearning.com\/en\/#\/schema\/logo\/image\/\"}}]}<\/script>\n<!-- \/ Yoast SEO plugin. -->","yoast_head_json":{"title":"Cancellation policy - INSCO","robots":{"index":"index","follow":"follow","max-snippet":"max-snippet:-1","max-image-preview":"max-image-preview:large","max-video-preview":"max-video-preview:-1"},"canonical":"https:\/\/inscolearning.com\/en\/cancellation-policy\/","og_locale":"en_US","og_type":"article","og_title":"Cancellation policy - INSCO","og_description":"Una vez que el participante\/empresa haya realizado la inscripci\u00f3n en el curso (est\u00e9 o no abonado el importe del mismo), la pol\u00edtica de cancelaci\u00f3n que se aplica es la siguiente: Se devolver\u00e1 el 100% del importe de la matr\u00edcula si el participante\/empresa comunica su baja del curso antes de los 21 d\u00edas naturales previos al inicio del curso. Se devolver\u00e1 el 50% del importe de la matr\u00edcula si el participante\/empresa comunica su baja en el curso 15 d\u00edas naturales previos...","og_url":"https:\/\/inscolearning.com\/en\/cancellation-policy\/","og_site_name":"INSCO","twitter_card":"summary_large_image","schema":{"@context":"https:\/\/schema.org","@graph":[{"@type":"WebPage","@id":"https:\/\/inscolearning.com\/en\/cancellation-policy\/","url":"https:\/\/inscolearning.com\/en\/cancellation-policy\/","name":"Cancellation policy - INSCO","isPartOf":{"@id":"https:\/\/inscolearning.com\/en\/#website"},"datePublished":"2025-10-31T08:56:22+00:00","breadcrumb":{"@id":"https:\/\/inscolearning.com\/en\/cancellation-policy\/#breadcrumb"},"inLanguage":"en-US","potentialAction":[{"@type":"ReadAction","target":["https:\/\/inscolearning.com\/en\/cancellation-policy\/"]}]},{"@type":"BreadcrumbList","@id":"https:\/\/inscolearning.com\/en\/cancellation-policy\/#breadcrumb","itemListElement":[{"@type":"ListItem","position":1,"name":"Portada","item":"https:\/\/inscolearning.com\/en\/"},{"@type":"ListItem","position":2,"name":"Cancellation policy"}]},{"@type":"WebSite","@id":"https:\/\/inscolearning.com\/en\/#website","url":"https:\/\/inscolearning.com\/en\/","name":"INSCO","description":"","publisher":{"@id":"https:\/\/inscolearning.com\/en\/#organization"},"potentialAction":[{"@type":"SearchAction","target":{"@type":"EntryPoint","urlTemplate":"https:\/\/inscolearning.com\/en\/?s={search_term_string}"},"query-input":{"@type":"PropertyValueSpecification","valueRequired":true,"valueName":"search_term_string"}}],"inLanguage":"en-US"},{"@type":"Organization","@id":"https:\/\/inscolearning.com\/en\/#organization","name":"INSCO","url":"https:\/\/inscolearning.com\/en\/","logo":{"@type":"ImageObject","inLanguage":"en-US","@id":"https:\/\/inscolearning.com\/en\/#\/schema\/logo\/image\/","url":"https:\/\/inscolearning.com\/wp-content\/uploads\/2025\/10\/Logo-INSCO.svg","contentUrl":"https:\/\/inscolearning.com\/wp-content\/uploads\/2025\/10\/Logo-INSCO.svg","width":728,"height":292,"caption":"INSCO"},"image":{"@id":"https:\/\/inscolearning.com\/en\/#\/schema\/logo\/image\/"}}]}},"_links":{"self":[{"href":"https:\/\/inscolearning.com\/en\/wp-json\/wp\/v2\/pages\/26254","targetHints":{"allow":["GET"]}}],"collection":[{"href":"https:\/\/inscolearning.com\/en\/wp-json\/wp\/v2\/pages"}],"about":[{"href":"https:\/\/inscolearning.com\/en\/wp-json\/wp\/v2\/types\/page"}],"author":[{"embeddable":true,"href":"https:\/\/inscolearning.com\/en\/wp-json\/wp\/v2\/users\/1"}],"replies":[{"embeddable":true,"href":"https:\/\/inscolearning.com\/en\/wp-json\/wp\/v2\/comments?post=26254"}],"version-history":[{"count":0,"href":"https:\/\/inscolearning.com\/en\/wp-json\/wp\/v2\/pages\/26254\/revisions"}],"wp:attachment":[{"href":"https:\/\/inscolearning.com\/en\/wp-json\/wp\/v2\/media?parent=26254"}],"curies":[{"name":"wp","href":"https:\/\/api.w.org\/{rel}","templated":true}]}}